{"id":96,"date":"2023-03-06T11:19:07","date_gmt":"2023-03-06T11:19:07","guid":{"rendered":"https:\/\/ludemini.de\/?page_id=96"},"modified":"2023-03-08T14:58:43","modified_gmt":"2023-03-08T14:58:43","slug":"impressum","status":"publish","type":"page","link":"https:\/\/ludemini.de\/?page_id=96","title":{"rendered":"Impressum"},"content":{"rendered":"\n<p>Ludemini by Nicolas Degbeon<\/p>\n\n\n\n<p>Ernst-Th\u00e4lmann-Str. 6 \/ 15859 Storkow (Mark)<\/p>\n\n\n\n<p>E-Mail: play@ludeminiweb.de<\/p>\n\n\n\n<p>USt-IdNr.: DE355787936<\/p>\n\n\n\n<p><\/p>\n\n\n\n<p>Haftungsausschluss:<\/p>\n\n\n\n<p>Die Informationen auf dieser Webseite dienen ausschlie\u00dflich der allgemeinen Information und stellen keine Rechtsberatung dar. Obwohl wir uns bem\u00fchen, die Informationen auf dem neuesten Stand zu halten und sorgf\u00e4ltig auszuw\u00e4hlen, \u00fcbernehmen wir keine Gew\u00e4hr f\u00fcr die Richtigkeit, Vollst\u00e4ndigkeit, Aktualit\u00e4t oder Qualit\u00e4t der bereitgestellten Informationen. Jegliche Haftung f\u00fcr Sch\u00e4den, die durch die Nutzung oder Nichtnutzung der Informationen auf dieser Webseite entstehen, ist ausgeschlossen.<\/p>\n\n\n\n<p>Verweise und Links:<\/p>\n\n\n\n<p>Diese Webseite enth\u00e4lt Links zu externen Webseiten Dritter, auf deren Inhalte wir keinen Einfluss haben. F\u00fcr die Inhalte der verlinkten Seiten ist stets der jeweilige Anbieter oder Betreiber der Seiten verantwortlich. Wir \u00fcbernehmen keine Gew\u00e4hr f\u00fcr die Inhalte externer Links und distanzieren uns hiermit ausdr\u00fccklich von allen Inhalten der verlinkten Seiten. Eine st\u00e4ndige Kontrolle der verlinkten Seiten ist jedoch ohne konkrete Anhaltspunkte einer Rechtsverletzung nicht zumutbar. Bei bekannt werden von Rechtsverletzungen werden wir derartige Links umgehend entfernen.<\/p>\n\n\n\n<p>Urheberrecht:<\/p>\n\n\n\n<p>Die auf dieser Webseite ver\u00f6ffentlichten Inhalte und Werke unterliegen dem deutschen Urheberrecht. Jede Art der Vervielf\u00e4ltigung, Bearbeitung, Verbreitung und jede Art der Verwertung au\u00dferhalb der Grenzen des Urheberrechts bedarf der vorherigen schriftlichen Zustimmung des jeweiligen Urhebers bzw. Autors. Downloads und Kopien dieser Seite sind nur f\u00fcr den privaten, nicht kommerziellen Gebrauch gestattet. Soweit die Inhalte auf dieser Webseite nicht vom Betreiber erstellt wurden, werden die Urheberrechte Dritter beachtet. Insbesondere werden Inhalte Dritter als solche gekennzeichnet. Sollten Sie trotzdem auf eine Urheberrechtsverletzung aufmerksam werden, bitten wir um einen entsprechenden Hinweis. Bei Bekanntwerden von Rechtsverletzungen werden wir derartige Inhalte umgehend entfernen.<\/p>\n\n\n\n<p>Datenschutz:<\/p>\n\n\n\n<p>Soweit auf dieser Webseite personenbezogene Daten (beispielsweise Name, Anschrift oder E-Mail-Adressen) erhoben werden, erfolgt dies stets auf freiwilliger Basis. Die Nutzung der Angebote und Dienste ist, soweit m\u00f6glich, stets ohne Angabe personenbezogener Daten m\u00f6glich. Wir weisen darauf hin, dass die Daten\u00fcbertragung im Internet (z.B. bei der Kommunikation per E-Mail) Sicherheitsl\u00fccken aufweisen kann. Ein l\u00fcckenloser Schutz der Daten vor dem Zugriff durch Dritte ist nicht m\u00f6glich. Der Nutzung von im Rahmen der Impressumspflicht ver\u00f6ffentlichten Kontaktdaten durch Dritte zur \u00dcbersendung von nicht ausdr\u00fccklich angeforderten Werbe- und Informationsmaterialien wird hiermit ausdr\u00fccklich widersprochen.<\/p>\n\n\n\n<p>Der Betreiber der Seiten beh\u00e4lt sich ausdr\u00fccklich rechtliche Schritte im Falle der unverlangten Zusendung von Werbeinformationen, etwa durch Spam-Mails, vor.<\/p>\n\n\n\n<p>Haftung f\u00fcr Inhalte:<\/p>\n\n\n\n<p>Als Diensteanbieter sind wir gem\u00e4\u00df \u00a7 7 Abs.1 TMG f\u00fcr eigene Inhalte auf diesen Seiten nach den allgemeinen Gesetzen verantwortlich. Nach \u00a7\u00a7 8 bis 10 TMG sind wir als Diensteanbieter jedoch nicht verpflichtet, \u00fcbermittelte oder gespeicherte fremde Informationen zu \u00fcberwachen oder nach Umst\u00e4nden zu forschen, die auf eine rechtswidrige T\u00e4tigkeit hinweisen. Verpflichtungen zur Entfernung oder Sperrung der Nutzung von Informationen nach den allgemeinen Gesetzen bleiben hiervon unber\u00fchrt. Eine diesbez\u00fcgliche Haftung ist jedoch erst ab dem Zeitpunkt der Kenntnis einer konkreten Rechtsverletzung m\u00f6glich. Bei Bekanntwerden von entsprechenden Rechtsverletzungen werden wir diese Inhalte umgehend entfernen.<\/p>\n\n\n\n<p>Allgemeine Gesch\u00e4ftsbedingungen:<\/p>\n\n\n\n<p>Unsere Allgemeinen Gesch\u00e4ftsbedingungen finden Sie hier: [Link zu den AGBs]. Mit der Nutzung dieser Webseite erkl\u00e4ren Sie sich mit unseren Allgemeinen Gesch\u00e4ftsbedingungen einverstanden.<\/p>\n\n\n\n<p>Sonstiges:<\/p>\n\n\n\n<p>Sollte eine der Bestimmungen dieser Haftungsausschlusserkl\u00e4rung unwirksam sein oder werden, so wird die Wirksamkeit der \u00fcbrigen Bestimmungen davon nicht ber\u00fchrt. An die Stelle der unwirksamen Bestimmung tritt eine wirksame Bestimmung, die dem Sinn und Zweck der unwirksamen Bestimmung m\u00f6glichst nahekommt.<\/p>\n\n\n\n<p>Stand: 06.03.2023<\/p>\n\n\n\n<p> <\/p>\n","protected":false},"excerpt":{"rendered":"<p>Ludemini by Nicolas Degbeon Ernst-Th\u00e4lmann-Str. 6 \/ 15859 Storkow (Mark) E-Mail: play@ludeminiweb.de USt-IdNr.: DE355787936 Haftungsausschluss: Die Informationen auf dieser Webseite dienen ausschlie\u00dflich der allgemeinen Information und stellen keine Rechtsberatung dar. Obwohl wir uns bem\u00fchen, die Informationen auf dem neuesten Stand zu halten und sorgf\u00e4ltig auszuw\u00e4hlen, \u00fcbernehmen wir keine Gew\u00e4hr f\u00fcr die Richtigkeit, Vollst\u00e4ndigkeit, Aktualit\u00e4t oder [&hellip;]<\/p>\n","protected":false},"author":1,"featured_media":0,"parent":0,"menu_order":0,"comment_status":"closed","ping_status":"closed","template":"","meta":{"vkexunit_cta_each_option":""},"_links":{"self":[{"href":"https:\/\/ludemini.de\/index.php?rest_route=\/wp\/v2\/pages\/96"}],"collection":[{"href":"https:\/\/ludemini.de\/index.php?rest_route=\/wp\/v2\/pages"}],"about":[{"href":"https:\/\/ludemini.de\/index.php?rest_route=\/wp\/v2\/types\/page"}],"author":[{"embeddable":true,"href":"https:\/\/ludemini.de\/index.php?rest_route=\/wp\/v2\/users\/1"}],"replies":[{"embeddable":true,"href":"https:\/\/ludemini.de\/index.php?rest_route=%2Fwp%2Fv2%2Fcomments&post=96"}],"version-history":[{"count":3,"href":"https:\/\/ludemini.de\/index.php?rest_route=\/wp\/v2\/pages\/96\/revisions"}],"predecessor-version":[{"id":166,"href":"https:\/\/ludemini.de\/index.php?rest_route=\/wp\/v2\/pages\/96\/revisions\/166"}],"wp:attachment":[{"href":"https:\/\/ludemini.de\/index.php?rest_route=%2Fwp%2Fv2%2Fmedia&parent=96"}],"curies":[{"name":"wp","href":"https:\/\/api.w.org\/{rel}","templated":true}]}}