{"id":349,"date":"2023-05-21T12:43:16","date_gmt":"2023-05-21T12:43:16","guid":{"rendered":"https:\/\/ludemini.de\/?page_id=349"},"modified":"2023-05-21T14:24:32","modified_gmt":"2023-05-21T14:24:32","slug":"planung-gestaltung-verwirklichung-din-en","status":"publish","type":"page","link":"https:\/\/ludemini.de\/?page_id=349","title":{"rendered":"Planung Gestaltung Verwirklichung DIN EN"},"content":{"rendered":"\n<figure class=\"wp-block-image aligncenter size-large is-resized is-style-vk-image-photoFrame-tilt-left\"><img decoding=\"async\" loading=\"lazy\" src=\"http:\/\/ludemini.de\/wp-content\/uploads\/2023\/05\/creativity-idea-inspiration-819371-1024x686.jpg\" alt=\"creativity, idea, inspiration-819371.jpg\" class=\"wp-image-391\" width=\"488\" height=\"327\" srcset=\"https:\/\/ludemini.de\/wp-content\/uploads\/2023\/05\/creativity-idea-inspiration-819371-1024x686.jpg 1024w, https:\/\/ludemini.de\/wp-content\/uploads\/2023\/05\/creativity-idea-inspiration-819371-300x201.jpg 300w, https:\/\/ludemini.de\/wp-content\/uploads\/2023\/05\/creativity-idea-inspiration-819371-768x514.jpg 768w, https:\/\/ludemini.de\/wp-content\/uploads\/2023\/05\/creativity-idea-inspiration-819371.jpg 1280w\" sizes=\"(max-width: 488px) 100vw, 488px\" \/><\/figure>\n\n\n\n<p class=\"has-large-font-size\">Gestaltung, Planung &amp; Verwirklichung<\/p>\n\n\n\n<p><\/p>\n\n\n\n<p class=\"has-large-font-size\">F\u00fcr Privat- (B2C) und Gesch\u00e4ftskunden (B2C)<\/p>\n\n\n\n<p><\/p>\n\n\n\n<p class=\"has-large-font-size\">Gestaltung<\/p>\n\n\n\n<p class=\"has-regular-font-size\">Die Grundlage f\u00fcr die Ludemini Entw\u00fcrfe, das Design und die Konstruktion ist die umfassende Planung im 3-dimensionalen Raum.<\/p>\n\n\n\n<p class=\"has-regular-font-size\">Spielanlagen werden bei Ludemini 3-dimensional geplant und immer gerne auf den Kundenwunsch abgestimmt.<\/p>\n\n\n\n<p class=\"has-regular-font-size\">Dabei werden alle wichtigen Ma\u00dfe f\u00fcr die Herstellung, den Aufbau und die Montage nach DIN EN 1176 (o.\u00e4.) ber\u00fccksichtigt und ermittelt.<\/p>\n\n\n\n<p class=\"has-regular-font-size\">Farben, Materialien und einzelne Spielelemente k\u00f6nnen so ideal auf Ihr Bed\u00fcrfnis abgestimmt werden.<\/p>\n\n\n\n<p class=\"has-regular-font-size\"><\/p>\n\n\n\n<p class=\"has-regular-font-size\"><strong>Sie wollen etwas Besonderes Planen und haben vielleicht schon Vorstellungen!?<\/strong><\/p>\n\n\n\n<p class=\"has-regular-font-size\"><strong>Vielleicht Themen oder Sponsoren die in die Planung einflie\u00dfen sollen?<\/strong><\/p>\n\n\n\n<p class=\"has-regular-font-size\"><strong>Ludemini hat da Lust drauf!<\/strong><\/p>\n\n\n\n<div class=\"is-layout-flex wp-block-buttons\">\n<div class=\"wp-block-button\"><a class=\"wp-block-button__link wp-element-button\" href=\"https:\/\/ludemini.de\/?page_id=361\">Kontakt<\/a><\/div>\n<\/div>\n\n\n\n<p><\/p>\n\n\n\n<p><\/p>\n\n\n\n<p class=\"has-large-font-size\">Planung<\/p>\n\n\n\n<p class=\"has-regular-font-size\">Je nach dem wie viel Platz zur Verf\u00fcgung steht, wird geschaut was f\u00fcr Sie m\u00f6glich ist.<\/p>\n\n\n\n<p class=\"has-regular-font-size\">Ber\u00fccksichtigt werden u.a. Fallr\u00e4ume, Fallschutz, Einbautiefen und Materialien, sowie ein sinnvoller aufregender und spa\u00dfiger \u201eSpielpfad\u201c innerhalb der Spielr\u00e4ume.<\/p>\n\n\n\n<p class=\"has-regular-font-size\"><\/p>\n\n\n\n<p class=\"has-regular-font-size\">Es gibt nichts Schlimmeres, als z.B. einen Rollstuhlsteg, der ins nichts f\u00fchrt.<\/p>\n\n\n\n<p class=\"has-regular-font-size\">Spielwege k\u00f6nnen auch inklusiv aufregend sein!<\/p>\n\n\n\n<p class=\"has-regular-font-size\"><\/p>\n\n\n\n<p class=\"has-regular-font-size\">Beinahe alles kann auf Ihre Bed\u00fcrfnisse abgestimmt werden und die Bed\u00fcrfnisse der Kinder stehen so wie so ganz weit oben!<\/p>\n\n\n\n<p class=\"has-regular-font-size\"><\/p>\n\n\n\n<p class=\"has-regular-font-size\"><strong>Sie haben leeren Raum, der mit Spiel und Spa\u00df geplant werden soll?<\/strong><\/p>\n\n\n\n<p class=\"has-regular-font-size\"><strong>Ludemini hat da Freude dran!<\/strong><\/p>\n\n\n\n<div class=\"is-layout-flex wp-block-buttons\">\n<div class=\"wp-block-button\"><a class=\"wp-block-button__link wp-element-button\" href=\"https:\/\/ludemini.de\/?page_id=361\">Kontakt<\/a><\/div>\n<\/div>\n\n\n\n<p><\/p>\n\n\n\n<p><\/p>\n\n\n\n<p class=\"has-large-font-size\">Verwirklichung<\/p>\n\n\n\n<p class=\"has-regular-font-size\">Alle Arbeiten werden selbstverst\u00e4ndlich von qualifizierten Handwerkskr\u00e4ften ausgef\u00fchrt.<\/p>\n\n\n\n<p class=\"has-regular-font-size\">Die Koordination \u00fcbernimmt Ludemini.&nbsp;<\/p>\n\n\n\n<p class=\"has-regular-font-size\"><\/p>\n\n\n\n<p class=\"has-regular-font-size\">Kommunikation, Termine und absprachen k\u00f6nnen sich oft z\u00e4h gestalten.<\/p>\n\n\n\n<p class=\"has-regular-font-size\">Das muss nicht sein.<\/p>\n\n\n\n<p class=\"has-regular-font-size\">Solche Dinge lassen sich im 21. Jahrhundert auch agil koordinieren.<\/p>\n\n\n\n<p class=\"has-regular-font-size\"><\/p>\n\n\n\n<p class=\"has-regular-font-size\">Mit einem Hang zu \u201eScrum\u201c und \u201eagile Management\u201c hat Ludemini die ideale Grundlage, um Projekte sinnvoll und zeitgem\u00e4\u00df flexibel zu steuern.<\/p>\n\n\n\n<p class=\"has-regular-font-size\"><\/p>\n\n\n\n<p class=\"has-regular-font-size\"><strong>Sie haben eine Vision, die Sie verwirklichen wollen?<\/strong><\/p>\n\n\n\n<p class=\"has-regular-font-size\"><strong>Ludemini teilt Ihre Leidenschaft!<\/strong><\/p>\n\n\n\n<div class=\"is-layout-flex wp-block-buttons\">\n<div class=\"wp-block-button\"><a class=\"wp-block-button__link wp-element-button\" href=\"https:\/\/ludemini.de\/?page_id=361\">Kontakt<\/a><\/div>\n<\/div>\n\n\n\n<p><\/p>\n\n\n\n<p class=\"has-large-font-size\">Die DIN EN 1176<\/p>\n\n\n\n<p class=\"has-regular-font-size\">Alle Planungen f\u00fcr Spielanlagen im europ\u00e4ischen Raum werden entsprechend der deutsch\/europ\u00e4ischen Norm f\u00fcr Spielplatzsicherheit der DIN EN 1176 ausgef\u00fchrt.<\/p>\n\n\n\n<p class=\"has-regular-font-size\">Bei Planungen im internationalen Raum passt sich Ludemini selbstverst\u00e4ndlich den nationalen Normen und Verordnungen an.<\/p>\n\n\n\n<p class=\"has-regular-font-size\"><\/p>\n\n\n\n<p class=\"has-regular-font-size\"><strong>Sie wollen einen Spiel(t)raum wahr werden lassen?<\/strong><\/p>\n\n\n\n<p class=\"has-regular-font-size\"><strong>Ludemini hilft Ihnen gerne!<\/strong><\/p>\n\n\n\n<div class=\"is-layout-flex wp-block-buttons\">\n<div class=\"wp-block-button\"><a class=\"wp-block-button__link wp-element-button\" href=\"https:\/\/ludemini.de\/?page_id=361\">Kontakt<\/a><\/div>\n<\/div>\n\n\n\n<p><\/p>\n\n\n\n<p><\/p>\n","protected":false},"excerpt":{"rendered":"<p>Gestaltung, Planung &amp; Verwirklichung F\u00fcr Privat- (B2C) und Gesch\u00e4ftskunden (B2C) Gestaltung Die Grundlage f\u00fcr die Ludemini Entw\u00fcrfe, das Design und die Konstruktion ist die umfassende Planung im 3-dimensionalen Raum. Spielanlagen werden bei Ludemini 3-dimensional geplant und immer gerne auf den Kundenwunsch abgestimmt. Dabei werden alle wichtigen Ma\u00dfe f\u00fcr die Herstellung, den Aufbau und die Montage [&hellip;]<\/p>\n","protected":false},"author":1,"featured_media":0,"parent":0,"menu_order":0,"comment_status":"closed","ping_status":"closed","template":"","meta":{"vkexunit_cta_each_option":""},"_links":{"self":[{"href":"https:\/\/ludemini.de\/index.php?rest_route=\/wp\/v2\/pages\/349"}],"collection":[{"href":"https:\/\/ludemini.de\/index.php?rest_route=\/wp\/v2\/pages"}],"about":[{"href":"https:\/\/ludemini.de\/index.php?rest_route=\/wp\/v2\/types\/page"}],"author":[{"embeddable":true,"href":"https:\/\/ludemini.de\/index.php?rest_route=\/wp\/v2\/users\/1"}],"replies":[{"embeddable":true,"href":"https:\/\/ludemini.de\/index.php?rest_route=%2Fwp%2Fv2%2Fcomments&post=349"}],"version-history":[{"count":6,"href":"https:\/\/ludemini.de\/index.php?rest_route=\/wp\/v2\/pages\/349\/revisions"}],"predecessor-version":[{"id":392,"href":"https:\/\/ludemini.de\/index.php?rest_route=\/wp\/v2\/pages\/349\/revisions\/392"}],"wp:attachment":[{"href":"https:\/\/ludemini.de\/index.php?rest_route=%2Fwp%2Fv2%2Fmedia&parent=349"}],"curies":[{"name":"wp","href":"https:\/\/api.w.org\/{rel}","templated":true}]}}