{"id":343,"date":"2023-05-21T12:13:34","date_gmt":"2023-05-21T12:13:34","guid":{"rendered":"https:\/\/ludemini.de\/?page_id=343"},"modified":"2023-05-22T22:13:55","modified_gmt":"2023-05-22T22:13:55","slug":"u3-u3-inklusion","status":"publish","type":"page","link":"https:\/\/ludemini.de\/?page_id=343","title":{"rendered":"\u00dc3 U3 Inklusion"},"content":{"rendered":"\n<figure class=\"wp-block-image aligncenter size-large is-resized is-style-vk-image-photoFrame-tilt-right\"><img decoding=\"async\" loading=\"lazy\" src=\"http:\/\/ludemini.de\/wp-content\/uploads\/2023\/03\/swing-g33fe916bd_1920-1024x683.jpg\" alt=\"\" class=\"wp-image-91\" width=\"446\" height=\"297\" srcset=\"https:\/\/ludemini.de\/wp-content\/uploads\/2023\/03\/swing-g33fe916bd_1920-1024x683.jpg 1024w, https:\/\/ludemini.de\/wp-content\/uploads\/2023\/03\/swing-g33fe916bd_1920-300x200.jpg 300w, https:\/\/ludemini.de\/wp-content\/uploads\/2023\/03\/swing-g33fe916bd_1920-768x512.jpg 768w, https:\/\/ludemini.de\/wp-content\/uploads\/2023\/03\/swing-g33fe916bd_1920-1536x1024.jpg 1536w, https:\/\/ludemini.de\/wp-content\/uploads\/2023\/03\/swing-g33fe916bd_1920.jpg 1920w\" sizes=\"(max-width: 446px) 100vw, 446px\" \/><\/figure>\n\n\n\n<p class=\"has-large-font-size\">U3 \/ \u00dc3 \/ Inklusion<\/p>\n\n\n\n<p class=\"has-regular-font-size\">Spielanlagen m\u00fcssen ein hohes Ma\u00df an Sicherheiten bieten, um lebensgef\u00e4hrliche Verletzungen weitestgehend ausschlie\u00dfen zu k\u00f6nnen.<\/p>\n\n\n\n<p class=\"has-regular-font-size\">Daf\u00fcr gibt es die DIN EN 1176. Die deutsch\/europ\u00e4ische Norm f\u00fcr Spielplatzsicherheit.<\/p>\n\n\n\n<p class=\"has-regular-font-size\"><\/p>\n\n\n\n<p class=\"has-regular-font-size\">Diese Norm beschreibt Gefahrenstellen und sogenannte \u201eFilter\u201c, die es Kindern mit mangelnden k\u00f6rperlichen F\u00e4higkeiten erschweren, aus eigener Kraft in Bereiche vorzudringen, in denen sie H\u00fcrden ausgesetzt sind, die sie alleine nicht \u00fcberwinden k\u00f6nnen.<\/p>\n\n\n\n<p class=\"has-regular-font-size\"><\/p>\n\n\n\n<p class=\"has-regular-font-size\"><strong>Diese Sicherheitsnorm entbindet Eltern oder andere Verantwortungstragende NICHT von ihrer Aufsichtspflicht.<\/strong><\/p>\n\n\n\n<p class=\"has-regular-font-size\"><\/p>\n\n\n\n<p class=\"has-regular-font-size\"><strong>H\u00fcrden k\u00f6nnen und sollen mit Hilfe \u00fcberwunden werden. Die Hilfe beim Lernen ist oft die Grundlage f\u00fcr ein erfolgreiches Lernen.<\/strong><\/p>\n\n\n\n<p><\/p>\n\n\n\n<p class=\"has-large-font-size\">Kurze Erl\u00e4uterung der Begriffe &nbsp;<\/p>\n\n\n\n<p class=\"has-regular-font-size\"><strong>U3:<\/strong>   Beschreibt Spielanlagen f\u00fcr Kinder <strong>unter <\/strong>drei Jahren.<\/p>\n\n\n\n<p class=\"has-regular-font-size\">Alle Aufstiege, Fallh\u00f6hen und Absturzsicherungen unterliegen einer gesonderten Vorschrift und nehmen R\u00fccksicht auf die durchschnittlichen und k\u00f6rperlichen F\u00e4higkeiten von kleinen Kindern unter drei Jahren.<\/p>\n\n\n\n<p class=\"has-regular-font-size\"><\/p>\n\n\n\n<p class=\"has-regular-font-size\"><strong>\u00dc3:<\/strong>   Beschreibt Spielanlagen f\u00fcr Kinder <strong>\u00fcber <\/strong>drei Jahren.<\/p>\n\n\n\n<p class=\"has-regular-font-size\">Alle Aufstiege, Fallh\u00f6hen und Absturzsicherungen unterliegen einer gesonderten Vorschrift und nehmen R\u00fccksicht auf die durchschnittlichen und k\u00f6rperlichen F\u00e4higkeiten von gr\u00f6\u00dferen Kindern \u00fcber 3 Jahren.<\/p>\n\n\n\n<p class=\"has-regular-font-size\"><\/p>\n\n\n\n<p class=\"has-regular-font-size\"><strong>Inklusion:<\/strong>  Beschreibt Spielanlagen f\u00fcr Kinder mit gewissen \u201ephysiologischen Einschr\u00e4nkungen\u201c.<\/p>\n\n\n\n<p class=\"has-regular-font-size\">Dabei k\u00f6nnen inklusive Spielanlagen speziell f\u00fcr z.B. Rollstuhlfahrer*innen oder Kinder mit Seheinschr\u00e4nkung so gestaltet werden, dass auch hier ein Maximum an Spielspa\u00df und Freude entstehen kann. &nbsp;<\/p>\n\n\n\n<p class=\"has-regular-font-size\"><strong>Kinder haben ein Recht zu spielen!<\/strong><\/p>\n\n\n\n<p><\/p>\n\n\n\n<p><\/p>\n","protected":false},"excerpt":{"rendered":"<p>U3 \/ \u00dc3 \/ Inklusion Spielanlagen m\u00fcssen ein hohes Ma\u00df an Sicherheiten bieten, um lebensgef\u00e4hrliche Verletzungen weitestgehend ausschlie\u00dfen zu k\u00f6nnen. Daf\u00fcr gibt es die DIN EN 1176. Die deutsch\/europ\u00e4ische Norm f\u00fcr Spielplatzsicherheit. Diese Norm beschreibt Gefahrenstellen und sogenannte \u201eFilter\u201c, die es Kindern mit mangelnden k\u00f6rperlichen F\u00e4higkeiten erschweren, aus eigener Kraft in Bereiche vorzudringen, in denen [&hellip;]<\/p>\n","protected":false},"author":1,"featured_media":0,"parent":0,"menu_order":0,"comment_status":"closed","ping_status":"closed","template":"","meta":{"vkexunit_cta_each_option":""},"_links":{"self":[{"href":"https:\/\/ludemini.de\/index.php?rest_route=\/wp\/v2\/pages\/343"}],"collection":[{"href":"https:\/\/ludemini.de\/index.php?rest_route=\/wp\/v2\/pages"}],"about":[{"href":"https:\/\/ludemini.de\/index.php?rest_route=\/wp\/v2\/types\/page"}],"author":[{"embeddable":true,"href":"https:\/\/ludemini.de\/index.php?rest_route=\/wp\/v2\/users\/1"}],"replies":[{"embeddable":true,"href":"https:\/\/ludemini.de\/index.php?rest_route=%2Fwp%2Fv2%2Fcomments&post=343"}],"version-history":[{"count":9,"href":"https:\/\/ludemini.de\/index.php?rest_route=\/wp\/v2\/pages\/343\/revisions"}],"predecessor-version":[{"id":433,"href":"https:\/\/ludemini.de\/index.php?rest_route=\/wp\/v2\/pages\/343\/revisions\/433"}],"wp:attachment":[{"href":"https:\/\/ludemini.de\/index.php?rest_route=%2Fwp%2Fv2%2Fmedia&parent=343"}],"curies":[{"name":"wp","href":"https:\/\/api.w.org\/{rel}","templated":true}]}}