{"id":290,"date":"2023-05-20T13:26:35","date_gmt":"2023-05-20T13:26:35","guid":{"rendered":"https:\/\/ludemini.de\/?page_id=290"},"modified":"2023-05-31T10:15:19","modified_gmt":"2023-05-31T10:15:19","slug":"die-lizenz","status":"publish","type":"page","link":"https:\/\/ludemini.de\/?page_id=290","title":{"rendered":"3 Die Lizenz"},"content":{"rendered":"\n<figure class=\"wp-block-image alignright size-full is-resized\"><img decoding=\"async\" loading=\"lazy\" src=\"http:\/\/ludemini.de\/wp-content\/uploads\/2023\/05\/3-2.png\" alt=\"\" class=\"wp-image-219\" width=\"140\" height=\"130\"\/><\/figure>\n\n\n\n<p class=\"has-large-font-size\">Die Lizenz<\/p>\n\n\n\n<p><strong>Sie haben technisches Bau-Know How, die Ressourcen und potenzielle Kunden!? <\/strong><\/p>\n\n\n\n<p><strong>Ihnen fehlt aber das fachliche Wissen, wenn es um Spielger\u00e4te nach Sicherheitsnorm geht!?<\/strong><\/p>\n\n\n\n<p><\/p>\n\n\n\n<p><strong>Dann ist die Lizenz genau das Richtige f\u00fcr Sie.<\/strong><\/p>\n\n\n\n<p><\/p>\n\n\n\n<p>Das Ludemini-Lizenzmodell ist besonders geeignet f\u00fcr Gesch\u00e4ftskunden, die das Potential sehen, au\u00dfergew\u00f6hnliche Spielger\u00e4te zu bauen und\/ oder zu vertreiben.<\/p>\n\n\n\n<p>Sie erhalten alle notwendigen Unterlagen und Freigaben, von der Fertigung bis zum Aufbau. Profitieren Sie von den verschiedenen Lizenzmodellen und behalten Sie ein Maximum an Kontrolle \u00fcber Kosten- und Zeit-Management.<\/p>\n\n\n\n<p><\/p>\n\n\n\n<p>Alle Planungen f\u00fcr Spielanlagen im europ\u00e4ischem Raum werden entsprechend der deutschen\/europ\u00e4ischen Norm f\u00fcr Spielplatzsicherheit der DIN EN 1176 ausgef\u00fchrt.<\/p>\n\n\n\n<p>Bei Planungen im internationalen Raum passt sich Ludemini selbstverst\u00e4ndlich den nationalen Normen und Verordnungen an.<\/p>\n\n\n\n<p><\/p>\n\n\n\n<p><strong>Informieren Sie sich \u00fcber m\u00f6gliche Lizenzen f\u00fcr die Herstellung und den Vertrieb von Ludemini-Spielanlagen.<\/strong><\/p>\n\n\n\n<p><\/p>\n\n\n\n<div class=\"is-layout-flex wp-block-buttons\">\n<div class=\"wp-block-button\"><a class=\"wp-block-button__link wp-element-button\" href=\"https:\/\/ludemini.de\/?page_id=361\">Kontakt<\/a><\/div>\n<\/div>\n\n\n\n<p><\/p>\n\n\n\n<p><\/p>\n","protected":false},"excerpt":{"rendered":"<p>Die Lizenz Sie haben technisches Bau-Know How, die Ressourcen und potenzielle Kunden!? Ihnen fehlt aber das fachliche Wissen, wenn es um Spielger\u00e4te nach Sicherheitsnorm geht!? Dann ist die Lizenz genau das Richtige f\u00fcr Sie. Das Ludemini-Lizenzmodell ist besonders geeignet f\u00fcr Gesch\u00e4ftskunden, die das Potential sehen, au\u00dfergew\u00f6hnliche Spielger\u00e4te zu bauen und\/ oder zu vertreiben. Sie erhalten [&hellip;]<\/p>\n","protected":false},"author":1,"featured_media":0,"parent":0,"menu_order":0,"comment_status":"closed","ping_status":"closed","template":"","meta":{"vkexunit_cta_each_option":""},"_links":{"self":[{"href":"https:\/\/ludemini.de\/index.php?rest_route=\/wp\/v2\/pages\/290"}],"collection":[{"href":"https:\/\/ludemini.de\/index.php?rest_route=\/wp\/v2\/pages"}],"about":[{"href":"https:\/\/ludemini.de\/index.php?rest_route=\/wp\/v2\/types\/page"}],"author":[{"embeddable":true,"href":"https:\/\/ludemini.de\/index.php?rest_route=\/wp\/v2\/users\/1"}],"replies":[{"embeddable":true,"href":"https:\/\/ludemini.de\/index.php?rest_route=%2Fwp%2Fv2%2Fcomments&post=290"}],"version-history":[{"count":11,"href":"https:\/\/ludemini.de\/index.php?rest_route=\/wp\/v2\/pages\/290\/revisions"}],"predecessor-version":[{"id":469,"href":"https:\/\/ludemini.de\/index.php?rest_route=\/wp\/v2\/pages\/290\/revisions\/469"}],"wp:attachment":[{"href":"https:\/\/ludemini.de\/index.php?rest_route=%2Fwp%2Fv2%2Fmedia&parent=290"}],"curies":[{"name":"wp","href":"https:\/\/api.w.org\/{rel}","templated":true}]}}