{"id":288,"date":"2023-05-20T13:23:28","date_gmt":"2023-05-20T13:23:28","guid":{"rendered":"https:\/\/ludemini.de\/?page_id=288"},"modified":"2023-05-31T10:13:52","modified_gmt":"2023-05-31T10:13:52","slug":"der-baukasten","status":"publish","type":"page","link":"https:\/\/ludemini.de\/?page_id=288","title":{"rendered":"2 Der Baukasten"},"content":{"rendered":"\n<figure class=\"wp-block-image alignright size-full is-resized\"><img decoding=\"async\" loading=\"lazy\" src=\"http:\/\/ludemini.de\/wp-content\/uploads\/2023\/05\/2.png\" alt=\"\" class=\"wp-image-214\" width=\"141\" height=\"141\" srcset=\"https:\/\/ludemini.de\/wp-content\/uploads\/2023\/05\/2.png 183w, https:\/\/ludemini.de\/wp-content\/uploads\/2023\/05\/2-150x150.png 150w\" sizes=\"(max-width: 141px) 100vw, 141px\" \/><\/figure>\n\n\n\n<p class=\"has-large-font-size\">Der Baukasten<\/p>\n\n\n\n<p class=\"has-regular-font-size\"><strong>F\u00fcr die, die es selbst zusammenbauen.<\/strong><\/p>\n\n\n\n<p class=\"has-regular-font-size\"><strong>Eigenleistung ist f\u00fcr Sie kein Problem!? Dann erhalten Sie bei Ludemini einen Discount.<\/strong><\/p>\n\n\n\n<p><\/p>\n\n\n\n<p class=\"has-regular-font-size\">Der Baukasten: Ein Paket aus allen notwendigen Bauteilen, die mithilfe der Ludemini-Unterlagen zusammengebaut und montiert werden k\u00f6nnen. Sie kennen das Prinzip bestimmt von dem bekannten M\u00f6belhaus mit dem gro\u00dfen \u201eI\u201c.<\/p>\n\n\n\n<p class=\"has-regular-font-size\"><\/p>\n\n\n\n<p class=\"has-regular-font-size\">Alle Bauteile sind fertig bearbeitet und m\u00fcssen nur noch aufgebaut werden.<\/p>\n\n\n\n<p class=\"has-regular-font-size\">Grundlage hierf\u00fcr ist die ausf\u00fchrliche Ludemini-Montagedokumentation, die einen einfachen und nachvollziehbaren Aufbau der Spielger\u00e4te m\u00f6glich macht. <\/p>\n\n\n\n<p><\/p>\n\n\n\n<p class=\"has-regular-font-size\">Der Vorteil f\u00fcr Sie als Kunde: Neben geringeren Kosten steuern Sie selbst den Aufbau- und Montageprozess.<\/p>\n\n\n\n<p class=\"has-regular-font-size\">Sie haben Zugriff auf \u201ewo-man-power\u201c und haben gerne die Kontrolle \u00fcber das eigene Zeit-Management? <\/p>\n\n\n\n<p class=\"has-regular-font-size\">Dann ist der Baukasten genau das Richtige f\u00fcr Sie.<\/p>\n\n\n\n<p><\/p>\n\n\n\n<p class=\"has-regular-font-size\">Sie haben eigene Ideen oder konkrete Vorstellungen? Kein Problem. Ludemini gestaltet individuelle Spielanlagen gerne nach Wunsch, auch als Baukasten kein Problem.<\/p>\n\n\n\n<p><\/p>\n\n\n\n<p class=\"has-regular-font-size\">Die Planung nach DIN EN 1176 kann selbstverst\u00e4ndlich auch auf andere internationale Standards erweitert werden. Alle Planungsdokumente k\u00f6nnen in mehreren Sprachen erzeugt werden.<\/p>\n\n\n\n<p><\/p>\n\n\n\n<p class=\"has-regular-font-size\"><strong>Wenn Sie also Ideen, oder Konzepte haben, die Sie gerne verwirklichen wollen, dann scheuen Sie nicht, uns zu kontaktieren. <\/strong><\/p>\n\n\n\n<p class=\"has-regular-font-size\"><strong>Gerne erschaffen wir etwas gemeinsam.<\/strong><\/p>\n\n\n\n<p><\/p>\n\n\n\n<div class=\"is-layout-flex wp-block-buttons\">\n<div class=\"wp-block-button\"><a class=\"wp-block-button__link wp-element-button\" href=\"https:\/\/ludemini.de\/?page_id=361\">Kontakt<\/a><\/div>\n<\/div>\n\n\n\n<p>Zur Zeit in Entwicklung:<\/p>\n\n\n\n<ul>\n<li>Die Ludemini Doppelschaukel<\/li>\n\n\n\n<li>Die Ludemini Nestschaukel<\/li>\n\n\n\n<li>Die Ludemini Bockrutsche<\/li>\n<\/ul>\n\n\n\n<p class=\"has-regular-font-size\">Preise und Konditionen k\u00f6nnen hier angefragt werden.<\/p>\n\n\n\n<div class=\"is-layout-flex wp-block-buttons\">\n<div class=\"wp-block-button\"><a class=\"wp-block-button__link wp-element-button\" href=\"https:\/\/ludemini.de\/?page_id=361\">Anfrage<\/a><\/div>\n<\/div>\n\n\n\n<p><\/p>\n","protected":false},"excerpt":{"rendered":"<p>Der Baukasten F\u00fcr die, die es selbst zusammenbauen. Eigenleistung ist f\u00fcr Sie kein Problem!? Dann erhalten Sie bei Ludemini einen Discount. Der Baukasten: Ein Paket aus allen notwendigen Bauteilen, die mithilfe der Ludemini-Unterlagen zusammengebaut und montiert werden k\u00f6nnen. Sie kennen das Prinzip bestimmt von dem bekannten M\u00f6belhaus mit dem gro\u00dfen \u201eI\u201c. Alle Bauteile sind fertig [&hellip;]<\/p>\n","protected":false},"author":1,"featured_media":0,"parent":0,"menu_order":0,"comment_status":"closed","ping_status":"closed","template":"","meta":{"vkexunit_cta_each_option":""},"_links":{"self":[{"href":"https:\/\/ludemini.de\/index.php?rest_route=\/wp\/v2\/pages\/288"}],"collection":[{"href":"https:\/\/ludemini.de\/index.php?rest_route=\/wp\/v2\/pages"}],"about":[{"href":"https:\/\/ludemini.de\/index.php?rest_route=\/wp\/v2\/types\/page"}],"author":[{"embeddable":true,"href":"https:\/\/ludemini.de\/index.php?rest_route=\/wp\/v2\/users\/1"}],"replies":[{"embeddable":true,"href":"https:\/\/ludemini.de\/index.php?rest_route=%2Fwp%2Fv2%2Fcomments&post=288"}],"version-history":[{"count":8,"href":"https:\/\/ludemini.de\/index.php?rest_route=\/wp\/v2\/pages\/288\/revisions"}],"predecessor-version":[{"id":468,"href":"https:\/\/ludemini.de\/index.php?rest_route=\/wp\/v2\/pages\/288\/revisions\/468"}],"wp:attachment":[{"href":"https:\/\/ludemini.de\/index.php?rest_route=%2Fwp%2Fv2%2Fmedia&parent=288"}],"curies":[{"name":"wp","href":"https:\/\/api.w.org\/{rel}","templated":true}]}}