{"id":286,"date":"2023-05-20T13:14:39","date_gmt":"2023-05-20T13:14:39","guid":{"rendered":"https:\/\/ludemini.de\/?page_id=286"},"modified":"2023-05-31T10:13:23","modified_gmt":"2023-05-31T10:13:23","slug":"die-spielanlage","status":"publish","type":"page","link":"https:\/\/ludemini.de\/?page_id=286","title":{"rendered":"1 Die Spielanlage"},"content":{"rendered":"\n<figure class=\"wp-block-image alignright size-full is-resized\"><img decoding=\"async\" loading=\"lazy\" src=\"http:\/\/ludemini.de\/wp-content\/uploads\/2023\/05\/1.png\" alt=\"\" class=\"wp-image-213\" width=\"140\" height=\"132\"\/><\/figure>\n\n\n\n<p class=\"has-large-font-size\">Die Spielanlage<\/p>\n\n\n\n<p class=\"has-regular-font-size\"><strong>F\u00fcr die, die es einfach m\u00f6gen.<\/strong><\/p>\n\n\n\n<p class=\"has-regular-font-size\"><strong>Sie bestellen. Wir liefern.<\/strong><\/p>\n\n\n\n<p><\/p>\n\n\n\n<p class=\"has-regular-font-size\">Spielanlagen k\u00f6nnen bei Ludemini mit und ohne Montage bestellt werden; ab Werk, mit Lieferung ans Baufeld oder mit Einbau im Spielfeld.<\/p>\n\n\n\n<p><\/p>\n\n\n\n<p class=\"has-regular-font-size\">Alle Spielger\u00e4te werden digital in 3D erstellt. <\/p>\n\n\n\n<p class=\"has-regular-font-size\">Dabei k\u00f6nnen alle notwendigen Ma\u00dfe f\u00fcr den Aufbau ermittelt werden, um eine hohe Genauigkeit und einen reibungslosen Ablauf zu gew\u00e4hrleisten.<\/p>\n\n\n\n<p><\/p>\n\n\n\n<p class=\"has-regular-font-size\">Ob L\u00e4ngen, H\u00f6hen oder Tiefen, Ludemini sichert einen \u00fcbersichtlichen Ablauf bis zum Aufbau im Spielfeld.<\/p>\n\n\n\n<p><\/p>\n\n\n\n<p class=\"has-regular-font-size\">Die Planung nach DIN EN 1176 kann selbstverst\u00e4ndlich auch auf andere internationale Standards erweitert werden. Alle Planungsdokumente k\u00f6nnen in mehreren Sprachen erzeugt werden.<\/p>\n\n\n\n<p class=\"has-regular-font-size\">Aktuell ist der Ludemini Katalog in Arbeit. Seid gespannt auf mehr!<\/p>\n\n\n\n<p><\/p>\n\n\n\n<p class=\"has-regular-font-size\">Sie haben eigene Ideen oder konkrete Vorstellungen? Kein Problem. Ludemini gestaltet individuelle Spielanlagen gerne nach Wunsch.<\/p>\n\n\n\n<p class=\"has-regular-font-size\"><\/p>\n\n\n\n<p class=\"has-regular-font-size\"><strong>Challenge us!<\/strong><\/p>\n\n\n\n<p><\/p>\n\n\n\n<div class=\"is-layout-flex wp-block-buttons\">\n<div class=\"wp-block-button\"><a class=\"wp-block-button__link wp-element-button\" href=\"https:\/\/ludemini.de\/?page_id=361\">Kontakt<\/a><\/div>\n<\/div>\n\n\n\n<p class=\"has-regular-font-size\"><\/p>\n\n\n\n<p>Zur Zeit in Entwicklung:<\/p>\n\n\n\n<ul>\n<li>Die Ludemini Doppelschaukel<\/li>\n\n\n\n<li>Die Ludemini Nestschaukel<\/li>\n\n\n\n<li>Die Ludemini Bockrutsche<\/li>\n<\/ul>\n\n\n\n<p class=\"has-regular-font-size\">Preise und Konditionen k\u00f6nnen hier angefragt werden.<\/p>\n\n\n\n<div class=\"is-layout-flex wp-block-buttons\">\n<div class=\"wp-block-button\"><a class=\"wp-block-button__link wp-element-button\">Anfrage<\/a><\/div>\n<\/div>\n\n\n\n<p><\/p>\n","protected":false},"excerpt":{"rendered":"<p>Die Spielanlage F\u00fcr die, die es einfach m\u00f6gen. Sie bestellen. Wir liefern. Spielanlagen k\u00f6nnen bei Ludemini mit und ohne Montage bestellt werden; ab Werk, mit Lieferung ans Baufeld oder mit Einbau im Spielfeld. Alle Spielger\u00e4te werden digital in 3D erstellt. Dabei k\u00f6nnen alle notwendigen Ma\u00dfe f\u00fcr den Aufbau ermittelt werden, um eine hohe Genauigkeit und [&hellip;]<\/p>\n","protected":false},"author":1,"featured_media":0,"parent":0,"menu_order":0,"comment_status":"closed","ping_status":"closed","template":"","meta":{"vkexunit_cta_each_option":""},"_links":{"self":[{"href":"https:\/\/ludemini.de\/index.php?rest_route=\/wp\/v2\/pages\/286"}],"collection":[{"href":"https:\/\/ludemini.de\/index.php?rest_route=\/wp\/v2\/pages"}],"about":[{"href":"https:\/\/ludemini.de\/index.php?rest_route=\/wp\/v2\/types\/page"}],"author":[{"embeddable":true,"href":"https:\/\/ludemini.de\/index.php?rest_route=\/wp\/v2\/users\/1"}],"replies":[{"embeddable":true,"href":"https:\/\/ludemini.de\/index.php?rest_route=%2Fwp%2Fv2%2Fcomments&post=286"}],"version-history":[{"count":8,"href":"https:\/\/ludemini.de\/index.php?rest_route=\/wp\/v2\/pages\/286\/revisions"}],"predecessor-version":[{"id":467,"href":"https:\/\/ludemini.de\/index.php?rest_route=\/wp\/v2\/pages\/286\/revisions\/467"}],"wp:attachment":[{"href":"https:\/\/ludemini.de\/index.php?rest_route=%2Fwp%2Fv2%2Fmedia&parent=286"}],"curies":[{"name":"wp","href":"https:\/\/api.w.org\/{rel}","templated":true}]}}