{"id":19,"date":"2023-03-03T11:32:16","date_gmt":"2023-03-03T11:32:16","guid":{"rendered":"https:\/\/ludemini.de\/?page_id=19"},"modified":"2023-05-31T10:41:05","modified_gmt":"2023-05-31T10:41:05","slug":"about","status":"publish","type":"page","link":"https:\/\/ludemini.de\/?page_id=19","title":{"rendered":"About Ludemini"},"content":{"rendered":"\n<figure class=\"wp-block-image aligncenter size-full is-resized\"><img decoding=\"async\" loading=\"lazy\" src=\"http:\/\/ludemini.de\/wp-content\/uploads\/2023\/05\/logo_schrift_web.png\" alt=\"\" class=\"wp-image-399\" width=\"235\" height=\"216\"\/><\/figure>\n\n\n\n<p class=\"has-regular-font-size\"><strong>Kinder entdecken spielend die Welt!<\/strong><\/p>\n\n\n\n<p class=\"has-regular-font-size\"><strong>Ludemini hat das Ziel, die Welt der Kinder mit SpielTr\u00e4umen zu f\u00fcllen.<\/strong><\/p>\n\n\n\n<p><strong>Ob bereits fertig gestaltet und speziell f\u00fcr Sie angepasst oder nach Ma\u00df extra f\u00fcr Sie entwickelt.<\/strong><\/p>\n\n\n\n<p><\/p>\n\n\n\n<p class=\"has-regular-font-size\"><strong>Hier entstehen kreative SpielTr\u00e4ume.<\/strong><\/p>\n\n\n\n<p><\/p>\n\n\n\n<p class=\"has-regular-font-size\">Als Ganzes, als Bausatz oder als Lizenz f\u00fcr interessierte Kunden mit einem gewissen Hang zum Spielvergn\u00fcgen. \ud83d\ude09<\/p>\n\n\n\n<p class=\"has-regular-font-size\">Es ist f\u00fcr jeden Geschmack etwas zu finden.<\/p>\n\n\n\n<p><\/p>\n\n\n\n<p class=\"has-regular-font-size\"><strong>Grundlagen f\u00fcr die beispiellosen Spielanlagen sind die ausf\u00fchrlichen und gut durchdachten 3D Konstruktionen von Ludemini.<\/strong><\/p>\n\n\n\n<p class=\"has-regular-font-size\"><\/p>\n\n\n\n<p class=\"has-regular-font-size\">Daraus entstehen die Planung und Zeichnungen f\u00fcr den gesamten Prozess.<\/p>\n\n\n\n<p class=\"has-regular-font-size\">Von der Fertigung, \u00fcber den Aufbau, bis zur Montage auf dem Spielfeld.<\/p>\n\n\n\n<p class=\"has-regular-font-size\">Mit allen n\u00f6tigen Anleitungen in Wort und in Bild, gerne auch bewegt.<\/p>\n\n\n\n<p><\/p>\n\n\n\n<p class=\"has-regular-font-size\"><strong>Ludemini bietet alle Grundlagen, um ein Projekt \u00fcberall erfolgreich zu gestalten.<\/strong><\/p>\n\n\n\n<p><\/p>\n\n\n\n<p class=\"has-regular-font-size\"><strong>Sie k\u00f6nnen und wollen das eine oder andere selbstst\u00e4ndig leisten!?<\/strong><\/p>\n\n\n\n<p class=\"has-regular-font-size\"><strong>Sie wollen Ludemini-Anlagen eigenst\u00e4ndig vertreiben, dabei die Kostenkontrolle behalten, eigene Ressourcen nutzen und Kontrolle \u00fcber Ihr eigenes Zeit-Management behalten!?<\/strong><\/p>\n\n\n\n<p class=\"has-regular-font-size\"><strong>Kein Problem. Ludemini bietet verschiedene Modelle als gesonderte Leistungen an.<\/strong><\/p>\n\n\n\n<p><\/p>\n\n\n\n<p class=\"has-text-align-left has-regular-font-size\"><strong> <\/strong>                  <\/p>\n\n\n\n<p class=\"has-text-align-left has-large-font-size\"><strong>Die Anlage<\/strong><\/p>\n\n\n\n<figure class=\"wp-block-image size-full is-resized\"><img decoding=\"async\" loading=\"lazy\" src=\"http:\/\/ludemini.de\/wp-content\/uploads\/2023\/05\/1.png\" alt=\"\" class=\"wp-image-213\" width=\"94\" height=\"89\"\/><\/figure>\n\n\n\n<div class=\"is-layout-flex wp-block-buttons\">\n<div class=\"wp-block-button\"><a class=\"wp-block-button__link wp-element-button\" href=\"https:\/\/ludemini.de\/?page_id=286\">Read more<\/a><\/div>\n<\/div>\n\n\n\n<p><\/p>\n\n\n\n<p><\/p>\n\n\n\n<p class=\"has-text-align-left has-large-font-size\"><strong>Der Baukasten&nbsp;&nbsp;<\/strong>&nbsp;&nbsp;&nbsp;&nbsp;&nbsp;&nbsp;&nbsp;&nbsp;&nbsp;&nbsp;&nbsp;&nbsp;&nbsp;&nbsp;&nbsp; <\/p>\n\n\n\n<figure class=\"wp-block-image size-full is-resized\"><img decoding=\"async\" loading=\"lazy\" src=\"http:\/\/ludemini.de\/wp-content\/uploads\/2023\/05\/2.png\" alt=\"\" class=\"wp-image-214\" width=\"88\" height=\"88\" srcset=\"https:\/\/ludemini.de\/wp-content\/uploads\/2023\/05\/2.png 183w, https:\/\/ludemini.de\/wp-content\/uploads\/2023\/05\/2-150x150.png 150w\" sizes=\"(max-width: 88px) 100vw, 88px\" \/><\/figure>\n\n\n\n<div class=\"is-layout-flex wp-block-buttons\">\n<div class=\"wp-block-button\"><a class=\"wp-block-button__link wp-element-button\" href=\"https:\/\/ludemini.de\/?page_id=288\">Read more<\/a><\/div>\n<\/div>\n\n\n\n<p><\/p>\n\n\n\n<p><\/p>\n\n\n\n<p class=\"has-large-font-size\"><strong>Die Lizenz &nbsp;&nbsp;&nbsp;&nbsp;&nbsp;&nbsp;&nbsp;<\/strong>&nbsp;&nbsp;&nbsp;&nbsp;&nbsp;&nbsp;&nbsp;&nbsp;&nbsp;&nbsp;&nbsp;&nbsp;&nbsp;&nbsp;&nbsp;&nbsp;&nbsp;&nbsp;&nbsp; <\/p>\n\n\n\n<figure class=\"wp-block-image size-full is-resized\"><img decoding=\"async\" loading=\"lazy\" src=\"http:\/\/ludemini.de\/wp-content\/uploads\/2023\/05\/3-2.png\" alt=\"\" class=\"wp-image-219\" width=\"98\" height=\"92\"\/><\/figure>\n\n\n\n<div class=\"is-layout-flex wp-block-buttons\">\n<div class=\"wp-block-button\"><a class=\"wp-block-button__link wp-element-button\" href=\"https:\/\/ludemini.de\/?page_id=290\">Read more<\/a><\/div>\n<\/div>\n\n\n\n<p><\/p>\n\n\n\n<p><\/p>\n\n\n\n<p class=\"has-regular-font-size\">Als Fundament der Planung dient die deutsche und europ\u00e4ische Norm f\u00fcr Spielplatzsicherheit, die DIN EN 1176. Die Erweiterung und das Anpassen auf global nationale Normen ist problemlos m\u00f6glich.<\/p>\n\n\n\n<p class=\"has-regular-font-size\"><strong>Ludemini ist der Weg zu aufregenden Spielwegen und Abenteuern, f\u00fcr die ganz Kleinen, unter Dreij\u00e4hrigen, f\u00fcr die Gro\u00dfen und f\u00fcr Kinder mit besonderen Bed\u00fcrfnissen.<\/strong><\/p>\n\n\n\n<div class=\"is-layout-flex wp-block-buttons\">\n<div class=\"wp-block-button\"><a class=\"wp-block-button__link wp-element-button\" href=\"https:\/\/ludemini.de\/?page_id=343\">Learn more<\/a><\/div>\n<\/div>\n\n\n\n<p><\/p>\n\n\n\n<p class=\"has-regular-font-size\"><strong>Von Balancieren, Rutschen, Schaukeln, bis hin zu buddeln in der Kiste, das beste Spielvergn\u00fcgen f\u00fcr die Kleinen ist das Ziel.<\/strong><\/p>\n\n\n\n<p class=\"has-large-font-size\"><strong>Mit freundlichen Gr\u00fc\u00dfen<\/strong><\/p>\n\n\n\n<figure class=\"wp-block-image size-full is-resized\"><img decoding=\"async\" loading=\"lazy\" src=\"http:\/\/ludemini.de\/wp-content\/uploads\/2023\/05\/schrift-bunt.png\" alt=\"\" class=\"wp-image-404\" width=\"272\" height=\"48\" srcset=\"https:\/\/ludemini.de\/wp-content\/uploads\/2023\/05\/schrift-bunt.png 753w, https:\/\/ludemini.de\/wp-content\/uploads\/2023\/05\/schrift-bunt-300x53.png 300w\" sizes=\"(max-width: 272px) 100vw, 272px\" \/><\/figure>\n\n\n\n<p><\/p>\n","protected":false},"excerpt":{"rendered":"<p>Kinder entdecken spielend die Welt! Ludemini hat das Ziel, die Welt der Kinder mit SpielTr\u00e4umen zu f\u00fcllen. Ob bereits fertig gestaltet und speziell f\u00fcr Sie angepasst oder nach Ma\u00df extra f\u00fcr Sie entwickelt. Hier entstehen kreative SpielTr\u00e4ume. Als Ganzes, als Bausatz oder als Lizenz f\u00fcr interessierte Kunden mit einem gewissen Hang zum Spielvergn\u00fcgen. \ud83d\ude09 Es [&hellip;]<\/p>\n","protected":false},"author":1,"featured_media":0,"parent":0,"menu_order":0,"comment_status":"closed","ping_status":"closed","template":"","meta":{"vkexunit_cta_each_option":""},"_links":{"self":[{"href":"https:\/\/ludemini.de\/index.php?rest_route=\/wp\/v2\/pages\/19"}],"collection":[{"href":"https:\/\/ludemini.de\/index.php?rest_route=\/wp\/v2\/pages"}],"about":[{"href":"https:\/\/ludemini.de\/index.php?rest_route=\/wp\/v2\/types\/page"}],"author":[{"embeddable":true,"href":"https:\/\/ludemini.de\/index.php?rest_route=\/wp\/v2\/users\/1"}],"replies":[{"embeddable":true,"href":"https:\/\/ludemini.de\/index.php?rest_route=%2Fwp%2Fv2%2Fcomments&post=19"}],"version-history":[{"count":28,"href":"https:\/\/ludemini.de\/index.php?rest_route=\/wp\/v2\/pages\/19\/revisions"}],"predecessor-version":[{"id":471,"href":"https:\/\/ludemini.de\/index.php?rest_route=\/wp\/v2\/pages\/19\/revisions\/471"}],"wp:attachment":[{"href":"https:\/\/ludemini.de\/index.php?rest_route=%2Fwp%2Fv2%2Fmedia&parent=19"}],"curies":[{"name":"wp","href":"https:\/\/api.w.org\/{rel}","templated":true}]}}